{"id":48,"date":"2019-04-02T18:25:20","date_gmt":"2019-04-02T18:25:20","guid":{"rendered":"http:\/\/daniele-cipriano.de\/?page_id=48"},"modified":"2019-04-02T18:32:29","modified_gmt":"2019-04-02T18:32:29","slug":"kommunalwahl","status":"publish","type":"page","link":"https:\/\/daniele-cipriano.de\/?page_id=48","title":{"rendered":"Kommunalwahl"},"content":{"rendered":"\n<p>Ich kandidiere f\u00fcr die Kommunalwahl in Rheinfelden.<\/p>\n\n\n\n<p>Warum ich um Deine Stimme bitte&#8230;<\/p>\n\n\n\n<p>F\u00fcr eine lebenswerte Stadt, in dem man leben m\u00f6chte.<\/p>\n\n\n\n<p>Weitere Infos folgen.<\/p>\n","protected":false},"excerpt":{"rendered":"<p>Ich kandidiere f\u00fcr die Kommunalwahl in Rheinfelden. Warum ich um Deine Stimme bitte&#8230; F\u00fcr eine lebenswerte Stadt, in dem man leben m\u00f6chte. Weitere Infos folgen.<\/p>\n","protected":false},"author":1,"featured_media":0,"parent":0,"menu_order":0,"comment_status":"closed","ping_status":"closed","template":"","meta":{"footnotes":""},"class_list":["post-48","page","type-page","status-publish","hentry"],"_links":{"self":[{"href":"https:\/\/daniele-cipriano.de\/index.php?rest_route=\/wp\/v2\/pages\/48","targetHints":{"allow":["GET"]}}],"collection":[{"href":"https:\/\/daniele-cipriano.de\/index.php?rest_route=\/wp\/v2\/pages"}],"about":[{"href":"https:\/\/daniele-cipriano.de\/index.php?rest_route=\/wp\/v2\/types\/page"}],"author":[{"embeddable":true,"href":"https:\/\/daniele-cipriano.de\/index.php?rest_route=\/wp\/v2\/users\/1"}],"replies":[{"embeddable":true,"href":"https:\/\/daniele-cipriano.de\/index.php?rest_route=%2Fwp%2Fv2%2Fcomments&post=48"}],"version-history":[{"count":2,"href":"https:\/\/daniele-cipriano.de\/index.php?rest_route=\/wp\/v2\/pages\/48\/revisions"}],"predecessor-version":[{"id":64,"href":"https:\/\/daniele-cipriano.de\/index.php?rest_route=\/wp\/v2\/pages\/48\/revisions\/64"}],"wp:attachment":[{"href":"https:\/\/daniele-cipriano.de\/index.php?rest_route=%2Fwp%2Fv2%2Fmedia&parent=48"}],"curies":[{"name":"wp","href":"https:\/\/api.w.org\/{rel}","templated":true}]}}